{"id":23886,"date":"2022-08-13T16:59:52","date_gmt":"2022-08-13T14:59:52","guid":{"rendered":"https:\/\/news.vrtulniky.sk\/?page_id=23886"},"modified":"2026-04-29T21:57:38","modified_gmt":"2026-04-29T19:57:38","slug":"kontakt","status":"publish","type":"page","link":"https:\/\/www.vrtulniky.sk\/news\/kontakt\/","title":{"rendered":"Kontakt"},"content":{"rendered":"<p>Chcete s nami spolupracova\u0165? M\u00e1te z\u00e1ujem o inzerciu u n\u00e1s? Chcete <a href=\"https:\/\/www.euroekonom.sk\/cennik-reklamnych-formatov\/\">publikova\u0165 Va\u0161e PR \u010dl\u00e1nky<\/a> alebo pr\u00edspevky? Potrebujete radu alebo pomoc pri publik\u00e1cii?<\/p>\n<h2>Kontaktujte Simonu<\/h2>\n<p><img loading=\"lazy\" decoding=\"async\" class=\"alignleft wp-image-26537 size-thumbnail\" src=\"https:\/\/www.euroekonom.sk\/simona-cesana.png\" alt=\"\" width=\"150\" height=\"150\" \/><strong>Simona \u010cesan\u00e1<\/strong><br \/>\n\u0161\u00e9fredaktorka<br \/>\nE-mail: <a href=\"mailto:simona@euroekonom.sk\">simona@euroekonom.sk<\/a><br \/>\nTel.: <a href=\"tel:+421907234066\">+421 907 234 066<\/a><\/p>\n<h2>Cenn\u00edk a pr\u00e9miov\u00e9 partnerstvo<\/h2>\n<p>Cenn\u00edk a podmienky inzercie n\u00e1jdete na str\u00e1nke <a href=\"https:\/\/www.euroekonom.sk\/cennik-reklamnych-formatov\/\">Cenn\u00edk inzercie<\/a>. Objednajte si 2 a viac PR \u010dl\u00e1nkov a z\u00edskajte <strong>z\u013eavu a\u017e do v\u00fd\u0161ky 65 % z ceny inzercie<\/strong>.<\/p>\n<h2>Presskit<\/h2>\n<p>N\u00e1\u0161 Presskit n\u00e1jdete na str\u00e1nke <a href=\"https:\/\/www.euroekonom.sk\/presskit.pdf\" target=\"_blank\" rel=\"noopener\">Presskit.pdf<\/a><\/p>\n<h2>S\u00eddlo a faktura\u010dn\u00e1 adresa<\/h2>\n<p>Falcon Air, s.r.o.<br \/>\nN\u00e1rodn\u00e1 trieda 60<br \/>\n040 01 Ko\u0161ice<br \/>\nSlovensko<\/p>\n<p>I\u010cO: 47 68 59 13<br \/>\nDI\u010c: 202 404 5309<\/p>\n","protected":false},"excerpt":{"rendered":"<p>Chcete s nami spolupracova\u0165? M\u00e1te z\u00e1ujem o inzerciu u n\u00e1s? Chcete publikova\u0165 Va\u0161e PR \u010dl\u00e1nky alebo pr\u00edspevky? Potrebujete radu alebo pomoc pri publik\u00e1cii? Kontaktujte Simonu &hellip; <\/p>\n","protected":false},"author":1,"featured_media":0,"parent":0,"menu_order":0,"comment_status":"closed","ping_status":"closed","template":"","meta":{"footnotes":""},"class_list":["post-23886","page","type-page","status-publish","hentry"],"yoast_head":"<!-- This site is optimized with the Yoast SEO plugin v27.6 - https:\/\/yoast.com\/product\/yoast-seo-wordpress\/ -->\n<title>Kontakt<\/title>\n<meta name=\"description\" content=\"Kontakty, cenn\u00edk a podmienky inzercie, presskit. Simona \u010cesan\u00e1, \u0161\u00e9fredaktorka, e-mail: simona@euroekonom.sk, telef\u00f3n: +421 907 234 066\" \/>\n<meta name=\"robots\" content=\"index, follow, max-snippet:-1, max-image-preview:large, max-video-preview:-1\" \/>\n<link rel=\"canonical\" href=\"https:\/\/www.vrtulniky.sk\/news\/kontakt\/\" \/>\n<meta property=\"og:locale\" content=\"sk_SK\" \/>\n<meta property=\"og:type\" content=\"article\" \/>\n<meta property=\"og:title\" content=\"Kontakt\" \/>\n<meta property=\"og:description\" content=\"Kontakty, cenn\u00edk a podmienky inzercie, presskit. Simona \u010cesan\u00e1, \u0161\u00e9fredaktorka, e-mail: simona@euroekonom.sk, telef\u00f3n: +421 907 234 066\" \/>\n<meta property=\"og:url\" content=\"https:\/\/www.vrtulniky.sk\/news\/kontakt\/\" \/>\n<meta property=\"og:site_name\" content=\"Podnik\u00e1m, lietam a relaxujem\" \/>\n<meta property=\"article:publisher\" content=\"https:\/\/www.facebook.com\/vrtulniky\/\" \/>\n<meta property=\"article:modified_time\" content=\"2026-04-29T19:57:38+00:00\" \/>\n<meta property=\"og:image\" content=\"https:\/\/www.vrtulniky.sk\/news\/wp-content\/uploads\/2022\/08\/simona-cesana.png\" \/>\n\t<meta property=\"og:image:width\" content=\"512\" \/>\n\t<meta property=\"og:image:height\" content=\"512\" \/>\n\t<meta property=\"og:image:type\" content=\"image\/png\" \/>\n<meta name=\"twitter:card\" content=\"summary_large_image\" \/>\n<meta name=\"twitter:label1\" content=\"Predpokladan\u00fd \u010das \u010d\u00edtania\" \/>\n\t<meta name=\"twitter:data1\" content=\"1 min\u00fata\" \/>\n<script type=\"application\/ld+json\" class=\"yoast-schema-graph\">{\"@context\":\"https:\\\/\\\/schema.org\",\"@graph\":[{\"@type\":\"WebPage\",\"@id\":\"https:\\\/\\\/www.vrtulniky.sk\\\/news\\\/kontakt\\\/\",\"url\":\"https:\\\/\\\/www.vrtulniky.sk\\\/news\\\/kontakt\\\/\",\"name\":\"Kontakt\",\"isPartOf\":{\"@id\":\"https:\\\/\\\/www.vrtulniky.sk\\\/news\\\/#website\"},\"primaryImageOfPage\":{\"@id\":\"https:\\\/\\\/www.vrtulniky.sk\\\/news\\\/kontakt\\\/#primaryimage\"},\"image\":{\"@id\":\"https:\\\/\\\/www.vrtulniky.sk\\\/news\\\/kontakt\\\/#primaryimage\"},\"thumbnailUrl\":\"https:\\\/\\\/www.euroekonom.sk\\\/simona-cesana.png\",\"datePublished\":\"2022-08-13T14:59:52+00:00\",\"dateModified\":\"2026-04-29T19:57:38+00:00\",\"description\":\"Kontakty, cenn\u00edk a podmienky inzercie, presskit. Simona \u010cesan\u00e1, \u0161\u00e9fredaktorka, e-mail: simona@euroekonom.sk, telef\u00f3n: +421 907 234 066\",\"breadcrumb\":{\"@id\":\"https:\\\/\\\/www.vrtulniky.sk\\\/news\\\/kontakt\\\/#breadcrumb\"},\"inLanguage\":\"sk-SK\",\"potentialAction\":[{\"@type\":\"ReadAction\",\"target\":[\"https:\\\/\\\/www.vrtulniky.sk\\\/news\\\/kontakt\\\/\"]}]},{\"@type\":\"ImageObject\",\"inLanguage\":\"sk-SK\",\"@id\":\"https:\\\/\\\/www.vrtulniky.sk\\\/news\\\/kontakt\\\/#primaryimage\",\"url\":\"https:\\\/\\\/www.euroekonom.sk\\\/simona-cesana.png\",\"contentUrl\":\"https:\\\/\\\/www.euroekonom.sk\\\/simona-cesana.png\"},{\"@type\":\"BreadcrumbList\",\"@id\":\"https:\\\/\\\/www.vrtulniky.sk\\\/news\\\/kontakt\\\/#breadcrumb\",\"itemListElement\":[{\"@type\":\"ListItem\",\"position\":1,\"name\":\"Home\",\"item\":\"https:\\\/\\\/www.vrtulniky.sk\\\/news\\\/\"},{\"@type\":\"ListItem\",\"position\":2,\"name\":\"Kontakt\"}]},{\"@type\":\"WebSite\",\"@id\":\"https:\\\/\\\/www.vrtulniky.sk\\\/news\\\/#website\",\"url\":\"https:\\\/\\\/www.vrtulniky.sk\\\/news\\\/\",\"name\":\"Podnik\u00e1m, lietam a relaxujem\",\"description\":\"Vrtu\u013en\u00edky.sk\",\"publisher\":{\"@id\":\"https:\\\/\\\/www.vrtulniky.sk\\\/news\\\/#organization\"},\"potentialAction\":[{\"@type\":\"SearchAction\",\"target\":{\"@type\":\"EntryPoint\",\"urlTemplate\":\"https:\\\/\\\/www.vrtulniky.sk\\\/news\\\/?s={search_term_string}\"},\"query-input\":{\"@type\":\"PropertyValueSpecification\",\"valueRequired\":true,\"valueName\":\"search_term_string\"}}],\"inLanguage\":\"sk-SK\"},{\"@type\":\"Organization\",\"@id\":\"https:\\\/\\\/www.vrtulniky.sk\\\/news\\\/#organization\",\"name\":\"Podnik\u00e1m, lietam a relaxujem\",\"url\":\"https:\\\/\\\/www.vrtulniky.sk\\\/news\\\/\",\"logo\":{\"@type\":\"ImageObject\",\"inLanguage\":\"sk-SK\",\"@id\":\"https:\\\/\\\/www.vrtulniky.sk\\\/news\\\/#\\\/schema\\\/logo\\\/image\\\/\",\"url\":\"https:\\\/\\\/www.vrtulniky.sk\\\/news\\\/wp-content\\\/uploads\\\/2022\\\/08\\\/news-vrtulniky-sk-logo-e1660318023553.png\",\"contentUrl\":\"https:\\\/\\\/www.vrtulniky.sk\\\/news\\\/wp-content\\\/uploads\\\/2022\\\/08\\\/news-vrtulniky-sk-logo-e1660318023553.png\",\"width\":201,\"height\":200,\"caption\":\"Podnik\u00e1m, lietam a relaxujem\"},\"image\":{\"@id\":\"https:\\\/\\\/www.vrtulniky.sk\\\/news\\\/#\\\/schema\\\/logo\\\/image\\\/\"},\"sameAs\":[\"https:\\\/\\\/www.facebook.com\\\/vrtulniky\\\/\"]}]}<\/script>\n<!-- \/ Yoast SEO plugin. -->","yoast_head_json":{"title":"Kontakt","description":"Kontakty, cenn\u00edk a podmienky inzercie, presskit. Simona \u010cesan\u00e1, \u0161\u00e9fredaktorka, e-mail: simona@euroekonom.sk, telef\u00f3n: +421 907 234 066","robots":{"index":"index","follow":"follow","max-snippet":"max-snippet:-1","max-image-preview":"max-image-preview:large","max-video-preview":"max-video-preview:-1"},"canonical":"https:\/\/www.vrtulniky.sk\/news\/kontakt\/","og_locale":"sk_SK","og_type":"article","og_title":"Kontakt","og_description":"Kontakty, cenn\u00edk a podmienky inzercie, presskit. Simona \u010cesan\u00e1, \u0161\u00e9fredaktorka, e-mail: simona@euroekonom.sk, telef\u00f3n: +421 907 234 066","og_url":"https:\/\/www.vrtulniky.sk\/news\/kontakt\/","og_site_name":"Podnik\u00e1m, lietam a relaxujem","article_publisher":"https:\/\/www.facebook.com\/vrtulniky\/","article_modified_time":"2026-04-29T19:57:38+00:00","og_image":[{"width":512,"height":512,"url":"https:\/\/www.vrtulniky.sk\/news\/wp-content\/uploads\/2022\/08\/simona-cesana.png","type":"image\/png"}],"twitter_card":"summary_large_image","twitter_misc":{"Predpokladan\u00fd \u010das \u010d\u00edtania":"1 min\u00fata"},"schema":{"@context":"https:\/\/schema.org","@graph":[{"@type":"WebPage","@id":"https:\/\/www.vrtulniky.sk\/news\/kontakt\/","url":"https:\/\/www.vrtulniky.sk\/news\/kontakt\/","name":"Kontakt","isPartOf":{"@id":"https:\/\/www.vrtulniky.sk\/news\/#website"},"primaryImageOfPage":{"@id":"https:\/\/www.vrtulniky.sk\/news\/kontakt\/#primaryimage"},"image":{"@id":"https:\/\/www.vrtulniky.sk\/news\/kontakt\/#primaryimage"},"thumbnailUrl":"https:\/\/www.euroekonom.sk\/simona-cesana.png","datePublished":"2022-08-13T14:59:52+00:00","dateModified":"2026-04-29T19:57:38+00:00","description":"Kontakty, cenn\u00edk a podmienky inzercie, presskit. Simona \u010cesan\u00e1, \u0161\u00e9fredaktorka, e-mail: simona@euroekonom.sk, telef\u00f3n: +421 907 234 066","breadcrumb":{"@id":"https:\/\/www.vrtulniky.sk\/news\/kontakt\/#breadcrumb"},"inLanguage":"sk-SK","potentialAction":[{"@type":"ReadAction","target":["https:\/\/www.vrtulniky.sk\/news\/kontakt\/"]}]},{"@type":"ImageObject","inLanguage":"sk-SK","@id":"https:\/\/www.vrtulniky.sk\/news\/kontakt\/#primaryimage","url":"https:\/\/www.euroekonom.sk\/simona-cesana.png","contentUrl":"https:\/\/www.euroekonom.sk\/simona-cesana.png"},{"@type":"BreadcrumbList","@id":"https:\/\/www.vrtulniky.sk\/news\/kontakt\/#breadcrumb","itemListElement":[{"@type":"ListItem","position":1,"name":"Home","item":"https:\/\/www.vrtulniky.sk\/news\/"},{"@type":"ListItem","position":2,"name":"Kontakt"}]},{"@type":"WebSite","@id":"https:\/\/www.vrtulniky.sk\/news\/#website","url":"https:\/\/www.vrtulniky.sk\/news\/","name":"Podnik\u00e1m, lietam a relaxujem","description":"Vrtu\u013en\u00edky.sk","publisher":{"@id":"https:\/\/www.vrtulniky.sk\/news\/#organization"},"potentialAction":[{"@type":"SearchAction","target":{"@type":"EntryPoint","urlTemplate":"https:\/\/www.vrtulniky.sk\/news\/?s={search_term_string}"},"query-input":{"@type":"PropertyValueSpecification","valueRequired":true,"valueName":"search_term_string"}}],"inLanguage":"sk-SK"},{"@type":"Organization","@id":"https:\/\/www.vrtulniky.sk\/news\/#organization","name":"Podnik\u00e1m, lietam a relaxujem","url":"https:\/\/www.vrtulniky.sk\/news\/","logo":{"@type":"ImageObject","inLanguage":"sk-SK","@id":"https:\/\/www.vrtulniky.sk\/news\/#\/schema\/logo\/image\/","url":"https:\/\/www.vrtulniky.sk\/news\/wp-content\/uploads\/2022\/08\/news-vrtulniky-sk-logo-e1660318023553.png","contentUrl":"https:\/\/www.vrtulniky.sk\/news\/wp-content\/uploads\/2022\/08\/news-vrtulniky-sk-logo-e1660318023553.png","width":201,"height":200,"caption":"Podnik\u00e1m, lietam a relaxujem"},"image":{"@id":"https:\/\/www.vrtulniky.sk\/news\/#\/schema\/logo\/image\/"},"sameAs":["https:\/\/www.facebook.com\/vrtulniky\/"]}]}},"_links":{"self":[{"href":"https:\/\/www.vrtulniky.sk\/news\/wp-json\/wp\/v2\/pages\/23886","targetHints":{"allow":["GET"]}}],"collection":[{"href":"https:\/\/www.vrtulniky.sk\/news\/wp-json\/wp\/v2\/pages"}],"about":[{"href":"https:\/\/www.vrtulniky.sk\/news\/wp-json\/wp\/v2\/types\/page"}],"author":[{"embeddable":true,"href":"https:\/\/www.vrtulniky.sk\/news\/wp-json\/wp\/v2\/users\/1"}],"replies":[{"embeddable":true,"href":"https:\/\/www.vrtulniky.sk\/news\/wp-json\/wp\/v2\/comments?post=23886"}],"version-history":[{"count":1,"href":"https:\/\/www.vrtulniky.sk\/news\/wp-json\/wp\/v2\/pages\/23886\/revisions"}],"predecessor-version":[{"id":926658,"href":"https:\/\/www.vrtulniky.sk\/news\/wp-json\/wp\/v2\/pages\/23886\/revisions\/926658"}],"wp:attachment":[{"href":"https:\/\/www.vrtulniky.sk\/news\/wp-json\/wp\/v2\/media?parent=23886"}],"curies":[{"name":"wp","href":"https:\/\/api.w.org\/{rel}","templated":true}]}}