{"id":27859,"date":"2024-09-09T11:31:15","date_gmt":"2024-09-09T09:31:15","guid":{"rendered":"https:\/\/news.vrtulniky.sk\/?page_id=27859"},"modified":"2024-09-09T12:35:19","modified_gmt":"2024-09-09T10:35:19","slug":"poradna","status":"publish","type":"page","link":"https:\/\/www.vrtulniky.sk\/news\/poradna\/","title":{"rendered":"Podnikate\u013esk\u00e1 porad\u0148a online"},"content":{"rendered":"<p>M\u00e1te ot\u00e1zky t\u00fdkaj\u00face sa <strong>podnikania<\/strong>? Sp\u00fdtajte sa v <strong>podnikate\u013eskej poradni<\/strong>. Porad\u0148a je tu pre V\u00e1s 24 hod\u00edn denne.<\/p>\n<p>V pr\u00edpade, \u017ee m\u00e1te ot\u00e1zky \u010di probl\u00e9my s\u00favisiace s <strong>podnikan\u00edm<\/strong>, pou\u017eite formul\u00e1r na konci ka\u017edej str\u00e1nky. Sna\u017ete sa svoju ot\u00e1zku alebo koment\u00e1r prida\u0165 pod \u010dl\u00e1nok, ktor\u00fd najviac vystihuje V\u00e1\u0161 probl\u00e9m alebo sk\u00faman\u00fa oblas\u0165.<\/p>\n<h2>Testy na prij\u00edma\u010dky<\/h2>\n<p>Z\u00e1ujemcom o \u0161t\u00fadium ekonomiky a ekon\u00f3mie, obchodu, marketingu \u010di mana\u017ementu odpor\u00fa\u010dame testy, ktor\u00e9 n\u00e1jdete na str\u00e1nke <a title=\"Testy na prij\u00edma\u010dky na stredn\u00fa \u0161kolu\" href=\"https:\/\/www.euroekonom.sk\/downloads\/prijimacky-na-strednu-skolu\/\">Prij\u00edma\u010dky na stredn\u00fa \u0161kolu<\/a> alebo <a title=\"Testy na prij\u00edma\u010dky na vysok\u00fa \u0161kolu\" href=\"https:\/\/www.euroekonom.sk\/downloads\/prijimacky-na-vysoku-skolu\/\">Prij\u00edma\u010dky na vysok\u00fa \u0161kolu<\/a>. Tu n\u00e1jdete podklady, ktor\u00e9 V\u00e1m pom\u00f4\u017eu pri pr\u00edprave na ekonomick\u00fa \u0161kolu. Pr\u00edpadne si m\u00f4\u017eete spravi\u0165 <a href=\"https:\/\/www.autoskoly.sk\/\">Testy z auto\u0161koly<\/a> alebo <a href=\"https:\/\/www.vrtulniky.sk\/\">Testy z letectva<\/a>.<\/p>\n","protected":false},"excerpt":{"rendered":"<p>M\u00e1te ot\u00e1zky t\u00fdkaj\u00face sa podnikania? Sp\u00fdtajte sa v podnikate\u013eskej poradni. Porad\u0148a je tu pre V\u00e1s 24 hod\u00edn denne. V pr\u00edpade, \u017ee m\u00e1te ot\u00e1zky \u010di probl\u00e9my &hellip; <\/p>\n","protected":false},"author":1,"featured_media":0,"parent":0,"menu_order":0,"comment_status":"closed","ping_status":"closed","template":"poradna.php","meta":{"footnotes":""},"class_list":["post-27859","page","type-page","status-publish","hentry"],"yoast_head":"<!-- This site is optimized with the Yoast SEO plugin v27.6 - https:\/\/yoast.com\/product\/yoast-seo-wordpress\/ -->\n<title>Podnikate\u013esk\u00e1 porad\u0148a online<\/title>\n<meta name=\"description\" content=\"Podnikate\u013esk\u00e1 porad\u0148a online\" \/>\n<meta name=\"robots\" content=\"index, follow, max-snippet:-1, max-image-preview:large, max-video-preview:-1\" \/>\n<link rel=\"canonical\" href=\"https:\/\/www.vrtulniky.sk\/news\/poradna\/\" \/>\n<meta property=\"og:locale\" content=\"sk_SK\" \/>\n<meta property=\"og:type\" content=\"article\" \/>\n<meta property=\"og:title\" content=\"Podnikate\u013esk\u00e1 porad\u0148a online\" \/>\n<meta property=\"og:description\" content=\"Podnikate\u013esk\u00e1 porad\u0148a online\" \/>\n<meta property=\"og:url\" content=\"https:\/\/www.vrtulniky.sk\/news\/poradna\/\" \/>\n<meta property=\"og:site_name\" content=\"Podnik\u00e1m, lietam a relaxujem\" \/>\n<meta property=\"article:publisher\" content=\"https:\/\/www.facebook.com\/vrtulniky\/\" \/>\n<meta property=\"article:modified_time\" content=\"2024-09-09T10:35:19+00:00\" \/>\n<meta property=\"og:image\" content=\"https:\/\/www.vrtulniky.sk\/news\/wp-content\/uploads\/2022\/08\/vrtulniky-sk.jpg\" \/>\n\t<meta property=\"og:image:width\" content=\"1400\" \/>\n\t<meta property=\"og:image:height\" content=\"900\" \/>\n\t<meta property=\"og:image:type\" content=\"image\/jpeg\" \/>\n<meta name=\"twitter:card\" content=\"summary_large_image\" \/>\n<meta name=\"twitter:label1\" content=\"Predpokladan\u00fd \u010das \u010d\u00edtania\" \/>\n\t<meta name=\"twitter:data1\" content=\"1 min\u00fata\" \/>\n<script type=\"application\/ld+json\" class=\"yoast-schema-graph\">{\"@context\":\"https:\\\/\\\/schema.org\",\"@graph\":[{\"@type\":\"WebPage\",\"@id\":\"https:\\\/\\\/www.vrtulniky.sk\\\/news\\\/poradna\\\/\",\"url\":\"https:\\\/\\\/www.vrtulniky.sk\\\/news\\\/poradna\\\/\",\"name\":\"Podnikate\u013esk\u00e1 porad\u0148a online\",\"isPartOf\":{\"@id\":\"https:\\\/\\\/www.vrtulniky.sk\\\/news\\\/#website\"},\"datePublished\":\"2024-09-09T09:31:15+00:00\",\"dateModified\":\"2024-09-09T10:35:19+00:00\",\"description\":\"Podnikate\u013esk\u00e1 porad\u0148a online\",\"breadcrumb\":{\"@id\":\"https:\\\/\\\/www.vrtulniky.sk\\\/news\\\/poradna\\\/#breadcrumb\"},\"inLanguage\":\"sk-SK\",\"potentialAction\":[{\"@type\":\"ReadAction\",\"target\":[\"https:\\\/\\\/www.vrtulniky.sk\\\/news\\\/poradna\\\/\"]}]},{\"@type\":\"BreadcrumbList\",\"@id\":\"https:\\\/\\\/www.vrtulniky.sk\\\/news\\\/poradna\\\/#breadcrumb\",\"itemListElement\":[{\"@type\":\"ListItem\",\"position\":1,\"name\":\"Home\",\"item\":\"https:\\\/\\\/www.vrtulniky.sk\\\/news\\\/\"},{\"@type\":\"ListItem\",\"position\":2,\"name\":\"Podnikate\u013esk\u00e1 porad\u0148a online\"}]},{\"@type\":\"WebSite\",\"@id\":\"https:\\\/\\\/www.vrtulniky.sk\\\/news\\\/#website\",\"url\":\"https:\\\/\\\/www.vrtulniky.sk\\\/news\\\/\",\"name\":\"Podnik\u00e1m, lietam a relaxujem\",\"description\":\"Vrtu\u013en\u00edky.sk\",\"publisher\":{\"@id\":\"https:\\\/\\\/www.vrtulniky.sk\\\/news\\\/#organization\"},\"potentialAction\":[{\"@type\":\"SearchAction\",\"target\":{\"@type\":\"EntryPoint\",\"urlTemplate\":\"https:\\\/\\\/www.vrtulniky.sk\\\/news\\\/?s={search_term_string}\"},\"query-input\":{\"@type\":\"PropertyValueSpecification\",\"valueRequired\":true,\"valueName\":\"search_term_string\"}}],\"inLanguage\":\"sk-SK\"},{\"@type\":\"Organization\",\"@id\":\"https:\\\/\\\/www.vrtulniky.sk\\\/news\\\/#organization\",\"name\":\"Podnik\u00e1m, lietam a relaxujem\",\"url\":\"https:\\\/\\\/www.vrtulniky.sk\\\/news\\\/\",\"logo\":{\"@type\":\"ImageObject\",\"inLanguage\":\"sk-SK\",\"@id\":\"https:\\\/\\\/www.vrtulniky.sk\\\/news\\\/#\\\/schema\\\/logo\\\/image\\\/\",\"url\":\"https:\\\/\\\/www.vrtulniky.sk\\\/news\\\/wp-content\\\/uploads\\\/2022\\\/08\\\/news-vrtulniky-sk-logo-e1660318023553.png\",\"contentUrl\":\"https:\\\/\\\/www.vrtulniky.sk\\\/news\\\/wp-content\\\/uploads\\\/2022\\\/08\\\/news-vrtulniky-sk-logo-e1660318023553.png\",\"width\":201,\"height\":200,\"caption\":\"Podnik\u00e1m, lietam a relaxujem\"},\"image\":{\"@id\":\"https:\\\/\\\/www.vrtulniky.sk\\\/news\\\/#\\\/schema\\\/logo\\\/image\\\/\"},\"sameAs\":[\"https:\\\/\\\/www.facebook.com\\\/vrtulniky\\\/\"]}]}<\/script>\n<!-- \/ Yoast SEO plugin. -->","yoast_head_json":{"title":"Podnikate\u013esk\u00e1 porad\u0148a online","description":"Podnikate\u013esk\u00e1 porad\u0148a online","robots":{"index":"index","follow":"follow","max-snippet":"max-snippet:-1","max-image-preview":"max-image-preview:large","max-video-preview":"max-video-preview:-1"},"canonical":"https:\/\/www.vrtulniky.sk\/news\/poradna\/","og_locale":"sk_SK","og_type":"article","og_title":"Podnikate\u013esk\u00e1 porad\u0148a online","og_description":"Podnikate\u013esk\u00e1 porad\u0148a online","og_url":"https:\/\/www.vrtulniky.sk\/news\/poradna\/","og_site_name":"Podnik\u00e1m, lietam a relaxujem","article_publisher":"https:\/\/www.facebook.com\/vrtulniky\/","article_modified_time":"2024-09-09T10:35:19+00:00","og_image":[{"width":1400,"height":900,"url":"https:\/\/www.vrtulniky.sk\/news\/wp-content\/uploads\/2022\/08\/vrtulniky-sk.jpg","type":"image\/jpeg"}],"twitter_card":"summary_large_image","twitter_misc":{"Predpokladan\u00fd \u010das \u010d\u00edtania":"1 min\u00fata"},"schema":{"@context":"https:\/\/schema.org","@graph":[{"@type":"WebPage","@id":"https:\/\/www.vrtulniky.sk\/news\/poradna\/","url":"https:\/\/www.vrtulniky.sk\/news\/poradna\/","name":"Podnikate\u013esk\u00e1 porad\u0148a online","isPartOf":{"@id":"https:\/\/www.vrtulniky.sk\/news\/#website"},"datePublished":"2024-09-09T09:31:15+00:00","dateModified":"2024-09-09T10:35:19+00:00","description":"Podnikate\u013esk\u00e1 porad\u0148a online","breadcrumb":{"@id":"https:\/\/www.vrtulniky.sk\/news\/poradna\/#breadcrumb"},"inLanguage":"sk-SK","potentialAction":[{"@type":"ReadAction","target":["https:\/\/www.vrtulniky.sk\/news\/poradna\/"]}]},{"@type":"BreadcrumbList","@id":"https:\/\/www.vrtulniky.sk\/news\/poradna\/#breadcrumb","itemListElement":[{"@type":"ListItem","position":1,"name":"Home","item":"https:\/\/www.vrtulniky.sk\/news\/"},{"@type":"ListItem","position":2,"name":"Podnikate\u013esk\u00e1 porad\u0148a online"}]},{"@type":"WebSite","@id":"https:\/\/www.vrtulniky.sk\/news\/#website","url":"https:\/\/www.vrtulniky.sk\/news\/","name":"Podnik\u00e1m, lietam a relaxujem","description":"Vrtu\u013en\u00edky.sk","publisher":{"@id":"https:\/\/www.vrtulniky.sk\/news\/#organization"},"potentialAction":[{"@type":"SearchAction","target":{"@type":"EntryPoint","urlTemplate":"https:\/\/www.vrtulniky.sk\/news\/?s={search_term_string}"},"query-input":{"@type":"PropertyValueSpecification","valueRequired":true,"valueName":"search_term_string"}}],"inLanguage":"sk-SK"},{"@type":"Organization","@id":"https:\/\/www.vrtulniky.sk\/news\/#organization","name":"Podnik\u00e1m, lietam a relaxujem","url":"https:\/\/www.vrtulniky.sk\/news\/","logo":{"@type":"ImageObject","inLanguage":"sk-SK","@id":"https:\/\/www.vrtulniky.sk\/news\/#\/schema\/logo\/image\/","url":"https:\/\/www.vrtulniky.sk\/news\/wp-content\/uploads\/2022\/08\/news-vrtulniky-sk-logo-e1660318023553.png","contentUrl":"https:\/\/www.vrtulniky.sk\/news\/wp-content\/uploads\/2022\/08\/news-vrtulniky-sk-logo-e1660318023553.png","width":201,"height":200,"caption":"Podnik\u00e1m, lietam a relaxujem"},"image":{"@id":"https:\/\/www.vrtulniky.sk\/news\/#\/schema\/logo\/image\/"},"sameAs":["https:\/\/www.facebook.com\/vrtulniky\/"]}]}},"_links":{"self":[{"href":"https:\/\/www.vrtulniky.sk\/news\/wp-json\/wp\/v2\/pages\/27859","targetHints":{"allow":["GET"]}}],"collection":[{"href":"https:\/\/www.vrtulniky.sk\/news\/wp-json\/wp\/v2\/pages"}],"about":[{"href":"https:\/\/www.vrtulniky.sk\/news\/wp-json\/wp\/v2\/types\/page"}],"author":[{"embeddable":true,"href":"https:\/\/www.vrtulniky.sk\/news\/wp-json\/wp\/v2\/users\/1"}],"replies":[{"embeddable":true,"href":"https:\/\/www.vrtulniky.sk\/news\/wp-json\/wp\/v2\/comments?post=27859"}],"version-history":[{"count":0,"href":"https:\/\/www.vrtulniky.sk\/news\/wp-json\/wp\/v2\/pages\/27859\/revisions"}],"wp:attachment":[{"href":"https:\/\/www.vrtulniky.sk\/news\/wp-json\/wp\/v2\/media?parent=27859"}],"curies":[{"name":"wp","href":"https:\/\/api.w.org\/{rel}","templated":true}]}}